{"id":638,"date":"2021-08-16T09:01:19","date_gmt":"2021-08-16T07:01:19","guid":{"rendered":"http:\/\/mtr-formation-taxi.com\/?page_id=638"},"modified":"2024-04-04T14:24:22","modified_gmt":"2024-04-04T12:24:22","slug":"conditions-generales-de-vente-cgv","status":"publish","type":"page","link":"https:\/\/mtr-formation-taxi.com\/?page_id=638","title":{"rendered":"Conditions g\u00e9n\u00e9rales de vente (CGV)"},"content":{"rendered":"\t\t<div data-elementor-type=\"wp-page\" data-elementor-id=\"638\" class=\"elementor elementor-638\" data-elementor-post-type=\"page\">\n\t\t\t\t\t\t<section class=\"elementor-section elementor-top-section elementor-element elementor-element-3900042 elementor-section-boxed elementor-section-height-default elementor-section-height-default\" data-id=\"3900042\" data-element_type=\"section\" data-e-type=\"section\">\n\t\t\t\t\t\t<div class=\"elementor-container elementor-column-gap-default\">\n\t\t\t\t\t<div class=\"elementor-column elementor-col-100 elementor-top-column elementor-element elementor-element-e9ab7d9\" data-id=\"e9ab7d9\" data-element_type=\"column\" data-e-type=\"column\">\n\t\t\t<div class=\"elementor-widget-wrap elementor-element-populated\">\n\t\t\t\t\t\t<section class=\"elementor-section elementor-inner-section elementor-element elementor-element-fddf49c elementor-section-boxed elementor-section-height-default elementor-section-height-default\" data-id=\"fddf49c\" data-element_type=\"section\" data-e-type=\"section\">\n\t\t\t\t\t\t<div class=\"elementor-container elementor-column-gap-default\">\n\t\t\t\t\t<div class=\"elementor-column elementor-col-33 elementor-inner-column elementor-element elementor-element-23abd5c\" data-id=\"23abd5c\" data-element_type=\"column\" data-e-type=\"column\">\n\t\t\t<div class=\"elementor-widget-wrap elementor-element-populated\">\n\t\t\t\t\t\t<div class=\"elementor-element elementor-element-4ba64ea elementor-widget elementor-widget-image\" data-id=\"4ba64ea\" data-element_type=\"widget\" data-e-type=\"widget\" data-widget_type=\"image.default\">\n\t\t\t\t<div class=\"elementor-widget-container\">\n\t\t\t\t\t\t\t\t\t\t\t\t\t\t\t<img fetchpriority=\"high\" decoding=\"async\" width=\"300\" height=\"300\" src=\"https:\/\/mtr-formation-taxi.com\/wp-content\/uploads\/2021\/01\/cropped-logo-mtr-couleur-2-300x300.jpg\" class=\"attachment-medium size-medium wp-image-111\" alt=\"\" srcset=\"https:\/\/mtr-formation-taxi.com\/wp-content\/uploads\/2021\/01\/cropped-logo-mtr-couleur-2-300x300.jpg 300w, https:\/\/mtr-formation-taxi.com\/wp-content\/uploads\/2021\/01\/cropped-logo-mtr-couleur-2-150x150.jpg 150w, https:\/\/mtr-formation-taxi.com\/wp-content\/uploads\/2021\/01\/cropped-logo-mtr-couleur-2-270x270.jpg 270w, https:\/\/mtr-formation-taxi.com\/wp-content\/uploads\/2021\/01\/cropped-logo-mtr-couleur-2-192x192.jpg 192w, https:\/\/mtr-formation-taxi.com\/wp-content\/uploads\/2021\/01\/cropped-logo-mtr-couleur-2-180x180.jpg 180w, https:\/\/mtr-formation-taxi.com\/wp-content\/uploads\/2021\/01\/cropped-logo-mtr-couleur-2-32x32.jpg 32w, https:\/\/mtr-formation-taxi.com\/wp-content\/uploads\/2021\/01\/cropped-logo-mtr-couleur-2.jpg 512w\" sizes=\"(max-width: 300px) 100vw, 300px\" \/>\t\t\t\t\t\t\t\t\t\t\t\t\t\t\t<\/div>\n\t\t\t\t<\/div>\n\t\t\t\t\t<\/div>\n\t\t<\/div>\n\t\t\t\t<div class=\"elementor-column elementor-col-33 elementor-inner-column elementor-element elementor-element-7727db1\" data-id=\"7727db1\" data-element_type=\"column\" data-e-type=\"column\">\n\t\t\t<div class=\"elementor-widget-wrap\">\n\t\t\t\t\t\t\t<\/div>\n\t\t<\/div>\n\t\t\t\t<div class=\"elementor-column elementor-col-33 elementor-inner-column elementor-element elementor-element-3cea5a4\" data-id=\"3cea5a4\" data-element_type=\"column\" data-e-type=\"column\">\n\t\t\t<div class=\"elementor-widget-wrap elementor-element-populated\">\n\t\t\t\t\t\t<div class=\"elementor-element elementor-element-502b8b2 elementor-widget elementor-widget-heading\" data-id=\"502b8b2\" data-element_type=\"widget\" data-e-type=\"widget\" data-widget_type=\"heading.default\">\n\t\t\t\t<div class=\"elementor-widget-container\">\n\t\t\t\t\t<h2 class=\"elementor-heading-title elementor-size-default\">M.T.R. Formation<\/h2>\t\t\t\t<\/div>\n\t\t\t\t<\/div>\n\t\t\t\t<div class=\"elementor-element elementor-element-97945fe elementor-widget elementor-widget-text-editor\" data-id=\"97945fe\" data-element_type=\"widget\" data-e-type=\"widget\" data-widget_type=\"text-editor.default\">\n\t\t\t\t<div class=\"elementor-widget-container\">\n\t\t\t\t\t\t\t\t\t<p>23 Rue Pierre-Gilles de Gennes, 69007 \u2013 Lyon<\/p><p>T\u00e9l : 04 37 28 97 97\u00a0 \u00a0 \u00a0mobile : 06 68 27 97 97<\/p><p>N\u00b0 Siret 479 358 574 00024 &#8211; Code A.P.E 8553 Z<\/p><p>Agr\u00e9ment pr\u00e9fectoral n\u00b0 09-03<\/p><p>N\u00b0 D\u00e9claration d&rsquo;activit\u00e9 : 82 69 08540 69<\/p>\t\t\t\t\t\t\t\t<\/div>\n\t\t\t\t<\/div>\n\t\t\t\t\t<\/div>\n\t\t<\/div>\n\t\t\t\t\t<\/div>\n\t\t<\/section>\n\t\t\t\t<div class=\"elementor-element elementor-element-80b5809 elementor-widget elementor-widget-heading\" data-id=\"80b5809\" data-element_type=\"widget\" data-e-type=\"widget\" data-widget_type=\"heading.default\">\n\t\t\t\t<div class=\"elementor-widget-container\">\n\t\t\t\t\t<h2 class=\"elementor-heading-title elementor-size-default\"><h1 style=\"font-size: medium;white-space: normal;letter-spacing: normal\"><span style=\"color: var( --e-global-color-primary );font-family: var( --e-global-typography-primary-font-family ), Sans-serif;font-size: 32px;font-weight: var( --e-global-typography-primary-font-weight );white-space: pre-wrap;letter-spacing: 0.5px\">CONDITIONS GENERALES DE VENTE\n<\/span><\/h1><\/h2>\t\t\t\t<\/div>\n\t\t\t\t<\/div>\n\t\t\t\t<div class=\"elementor-element elementor-element-158951d elementor-widget elementor-widget-heading\" data-id=\"158951d\" data-element_type=\"widget\" data-e-type=\"widget\" data-widget_type=\"heading.default\">\n\t\t\t\t<div class=\"elementor-widget-container\">\n\t\t\t\t\t<h4 class=\"elementor-heading-title elementor-size-default\">D\u00e9signation<\/h4>\t\t\t\t<\/div>\n\t\t\t\t<\/div>\n\t\t\t\t<div class=\"elementor-element elementor-element-b9c6e9b elementor-widget elementor-widget-text-editor\" data-id=\"b9c6e9b\" data-element_type=\"widget\" data-e-type=\"widget\" data-widget_type=\"text-editor.default\">\n\t\t\t\t<div class=\"elementor-widget-container\">\n\t\t\t\t\t\t\t\t\t<p><strong>La Maison des Taxis du Rh\u00f4ne FORMATION<\/strong> d\u00e9sign\u00e9e en tant qu&rsquo;organisme de formation professionnelle, dont le si\u00e8ge social est situ\u00e9 au :<\/p><p>23 Rue Pierre-Gilles de Gennes, 69007 &#8211; LYON\u00a0<\/p>\t\t\t\t\t\t\t\t<\/div>\n\t\t\t\t<\/div>\n\t\t\t\t<div class=\"elementor-element elementor-element-e232323 elementor-widget elementor-widget-heading\" data-id=\"e232323\" data-element_type=\"widget\" data-e-type=\"widget\" data-widget_type=\"heading.default\">\n\t\t\t\t<div class=\"elementor-widget-container\">\n\t\t\t\t\t<h4 class=\"elementor-heading-title elementor-size-default\">Objet et champ d'application<\/h4>\t\t\t\t<\/div>\n\t\t\t\t<\/div>\n\t\t\t\t<div class=\"elementor-element elementor-element-f254bf0 elementor-widget elementor-widget-text-editor\" data-id=\"f254bf0\" data-element_type=\"widget\" data-e-type=\"widget\" data-widget_type=\"text-editor.default\">\n\t\t\t\t<div class=\"elementor-widget-container\">\n\t\t\t\t\t\t\t\t\t<p>Les pr\u00e9sentes Conditions G\u00e9n\u00e9rales de Vente d\u00e9terminent les conditions applicables aux prestations de formation effectu\u00e9es par La <strong>MTR FORMATION<\/strong> pour le compte d\u2019un candidat. Toute commande de formation aupr\u00e8s de l\u2019association implique l\u2019acception sans r\u00e9serve du candidat des pr\u00e9sentes Conditions G\u00e9n\u00e9rales de Vente. Ces conditions pr\u00e9valent sur tout autre document du candidat, en particulier sur toutes conditions g\u00e9n\u00e9rales d\u2019achat.<\/p>\t\t\t\t\t\t\t\t<\/div>\n\t\t\t\t<\/div>\n\t\t\t\t<div class=\"elementor-element elementor-element-28c94bb elementor-widget elementor-widget-heading\" data-id=\"28c94bb\" data-element_type=\"widget\" data-e-type=\"widget\" data-widget_type=\"heading.default\">\n\t\t\t\t<div class=\"elementor-widget-container\">\n\t\t\t\t\t<h4 class=\"elementor-heading-title elementor-size-default\">Devis et attestation<\/h4>\t\t\t\t<\/div>\n\t\t\t\t<\/div>\n\t\t\t\t<div class=\"elementor-element elementor-element-ec89bdb elementor-widget elementor-widget-text-editor\" data-id=\"ec89bdb\" data-element_type=\"widget\" data-e-type=\"widget\" data-widget_type=\"text-editor.default\">\n\t\t\t\t<div class=\"elementor-widget-container\">\n\t\t\t\t\t\t\t\t\t<p>Pour chaque formation, la<strong> MTR FORMATION<\/strong> s\u2019engage \u00e0 fournir un devis au candidat. Ce dernier est tenu de retourner \u00e0 l&rsquo;association un exemplaire renseign\u00e9, dat\u00e9, sign\u00e9 et tamponn\u00e9, avec la mention \u00ab Bon pour accord \u00bb. \u00c0 la demande du candidat, une attestation de pr\u00e9sence ou de fin de formation peut lui \u00eatre fournie.<\/p>\t\t\t\t\t\t\t\t<\/div>\n\t\t\t\t<\/div>\n\t\t\t\t<div class=\"elementor-element elementor-element-f89ede6 elementor-widget elementor-widget-heading\" data-id=\"f89ede6\" data-element_type=\"widget\" data-e-type=\"widget\" data-widget_type=\"heading.default\">\n\t\t\t\t<div class=\"elementor-widget-container\">\n\t\t\t\t\t<h4 class=\"elementor-heading-title elementor-size-default\">Prix et modalit\u00e9s de paiement<\/h4>\t\t\t\t<\/div>\n\t\t\t\t<\/div>\n\t\t\t\t<div class=\"elementor-element elementor-element-6c1e2c8 elementor-widget elementor-widget-text-editor\" data-id=\"6c1e2c8\" data-element_type=\"widget\" data-e-type=\"widget\" data-widget_type=\"text-editor.default\">\n\t\t\t\t<div class=\"elementor-widget-container\">\n\t\t\t\t\t\t\t\t\t<p>Les prix des formations sont indiqu\u00e9s en euros (non soumise \u00e0 TVA).<\/p>\n<p>Le paiement doit \u00eatre effectu\u00e9 :<\/p>\n<p>\u00b7 Au comptant ou \u00e9chelonn\u00e9 en trois fois pendant la formation<\/p>\n<p>\u00b7 Par carte bancaire, ch\u00e8que, virement bancaire ou num\u00e9raire<\/p>\n<p>\u00b7 Si le candidat b\u00e9n\u00e9ficie d\u2019un financement par un Organisme Paritaire Collecteur Agr\u00e9\u00e9 (OPCO, Mobilit\u00e9s, CPF, Transition Pro, France Travail), il doit faire une demande de prise en charge avant le d\u00e9but de la formation. Le candidat est tenu de fournir l\u2019accord de financement lors de l\u2019inscription. Dans le cas o\u00f9 la&nbsp;<span style=\"font-weight: bold;\">MTR FORMATION<\/span>&nbsp;ne re\u00e7oit pas la prise en charge de l\u2019Organisme Paritaire Collecteur Agr\u00e9\u00e9 au 1\u1d49\u02b3 jour de la formation, l\u2019int\u00e9gralit\u00e9 des co\u00fbts de formation sera factur\u00e9e au candidat.<\/p>\t\t\t\t\t\t\t\t<\/div>\n\t\t\t\t<\/div>\n\t\t\t\t<div class=\"elementor-element elementor-element-baeac4d elementor-widget elementor-widget-heading\" data-id=\"baeac4d\" data-element_type=\"widget\" data-e-type=\"widget\" data-widget_type=\"heading.default\">\n\t\t\t\t<div class=\"elementor-widget-container\">\n\t\t\t\t\t<h4 class=\"elementor-heading-title elementor-size-default\">Conditions de report et d\u2019annulation d\u2019une s\u00e9ance de formation<\/h4>\t\t\t\t<\/div>\n\t\t\t\t<\/div>\n\t\t\t\t<div class=\"elementor-element elementor-element-0569130 elementor-widget elementor-widget-text-editor\" data-id=\"0569130\" data-element_type=\"widget\" data-e-type=\"widget\" data-widget_type=\"text-editor.default\">\n\t\t\t\t<div class=\"elementor-widget-container\">\n\t\t\t\t\t\t\t\t\t<p><span style=\"font-weight: bold; color: var( --e-global-color-text ); font-family: var( --e-global-typography-text-font-family ), Sans-serif; font-size: 1rem;\">Toute annulation doit \u00eatre notifi\u00e9e par e-mail \u00e0 l\u2019adresse<\/span><span style=\"font-weight: bold; color: var( --e-global-color-text ); font-family: var( --e-global-typography-text-font-family ), Sans-serif; font-size: 1rem;\">\u00a0<\/span><a style=\"font-weight: bold; font-family: var( --e-global-typography-text-font-family ), Sans-serif; font-size: 1rem;\" href=\"mailto:mtr.formation@gmail.com\"><u>mtr.formation@gmail.com<\/u><\/a><span style=\"font-weight: bold; color: var( --e-global-color-text ); font-family: var( --e-global-typography-text-font-family ), Sans-serif; font-size: 1rem;\">.\u00a0<\/span>L\u2019annulation de sa participation \u00e0 une formation, sans p\u00e9nalit\u00e9, est possible \u00e0 condition d&rsquo;en faire la demande 10 jours calendaires minimum, avant le jour et l\u2019heure pr\u00e9vus du d\u00e9but de formation. \u00a0En cas d\u2019annulation exprim\u00e9e entre 4 et 10 jours ouvrables avant la date de la formation, le candidat devra s&rsquo;acquitter d&rsquo;une p\u00e9nalit\u00e9 d\u2019annulation, \u00e0 hauteur de 10\u2009% du co\u00fbt total initial de la formation. En cas d\u2019annulation faite en moins de trois jours ouvrables avant le d\u00e9but de la formation, une p\u00e9nalit\u00e9 d\u2019annulation correspondant \u00e0 50\u2009% du co\u00fbt total initial sera factur\u00e9e au candidat.<\/p><p>La demande de report de sa participation \u00e0 une formation peut \u00eatre effectu\u00e9e par le candidat, \u00e0 condition d\u2019adresser une demande \u00e9crite \u00e0 l\u2019organisme de formation dans un d\u00e9lai de 10 jours avant le d\u00e9but de la formation.<\/p><p>En cas d\u2019inex\u00e9cution de ses obligations suite \u00e0 un \u00e9v\u00e9nement fortuit ou \u00e0 un cas de force majeur, la <strong>MTR FORMATION<\/strong> ne pourra \u00eatre tenue responsable \u00e0 l\u2019\u00e9gard de ses candidats. Ceux-ci seront avis\u00e9s par e-mail.<\/p>\t\t\t\t\t\t\t\t<\/div>\n\t\t\t\t<\/div>\n\t\t\t\t<div class=\"elementor-element elementor-element-bacff1f elementor-widget elementor-widget-heading\" data-id=\"bacff1f\" data-element_type=\"widget\" data-e-type=\"widget\" data-widget_type=\"heading.default\">\n\t\t\t\t<div class=\"elementor-widget-container\">\n\t\t\t\t\t<h4 class=\"elementor-heading-title elementor-size-default\">Programme des formations<\/h4>\t\t\t\t<\/div>\n\t\t\t\t<\/div>\n\t\t\t\t<div class=\"elementor-element elementor-element-d9845d6 elementor-widget elementor-widget-text-editor\" data-id=\"d9845d6\" data-element_type=\"widget\" data-e-type=\"widget\" data-widget_type=\"text-editor.default\">\n\t\t\t\t<div class=\"elementor-widget-container\">\n\t\t\t\t\t\t\t\t\t<p>S\u2019il le juge n\u00e9cessaire, l\u2019intervenant pourra modifier les contenus des formations suivant la dynamique de groupe ou le niveau des participants. Les contenus des programmes figurant sur les fiches de pr\u00e9sentation ne sont ainsi fournis qu\u2019\u00e0 titre indicatif.<\/p>\t\t\t\t\t\t\t\t<\/div>\n\t\t\t\t<\/div>\n\t\t\t\t<div class=\"elementor-element elementor-element-30c47e6 elementor-widget elementor-widget-heading\" data-id=\"30c47e6\" data-element_type=\"widget\" data-e-type=\"widget\" data-widget_type=\"heading.default\">\n\t\t\t\t<div class=\"elementor-widget-container\">\n\t\t\t\t\t<h4 class=\"elementor-heading-title elementor-size-default\">Propri\u00e9t\u00e9 intellectuelle et droit d\u2019auteur<\/h4>\t\t\t\t<\/div>\n\t\t\t\t<\/div>\n\t\t\t\t<div class=\"elementor-element elementor-element-c53a148 elementor-widget elementor-widget-text-editor\" data-id=\"c53a148\" data-element_type=\"widget\" data-e-type=\"widget\" data-widget_type=\"text-editor.default\">\n\t\t\t\t<div class=\"elementor-widget-container\">\n\t\t\t\t\t\t\t\t\t<p>Les supports de formation, quelle qu\u2019en soit la forme (papier, num\u00e9rique, \u00e9lectronique\u2026), sont prot\u00e9g\u00e9s par la propri\u00e9t\u00e9 intellectuelle et le droit d\u2019auteur. Leur reproduction, partielle ou totale, ne peut \u00eatre effectu\u00e9e sans l\u2019accord expr\u00e8s de la <strong>MTR Formation<\/strong>. Le client s\u2019engage \u00e0 ne pas utiliser, transmettre ou reproduire tout ou partie de ces documents en vue de l\u2019organisation ou de l\u2019animation de formations.<\/p>\t\t\t\t\t\t\t\t<\/div>\n\t\t\t\t<\/div>\n\t\t\t\t<div class=\"elementor-element elementor-element-9a4ee22 elementor-widget elementor-widget-heading\" data-id=\"9a4ee22\" data-element_type=\"widget\" data-e-type=\"widget\" data-widget_type=\"heading.default\">\n\t\t\t\t<div class=\"elementor-widget-container\">\n\t\t\t\t\t<h4 class=\"elementor-heading-title elementor-size-default\">Informatique et libert\u00e9s<\/h4>\t\t\t\t<\/div>\n\t\t\t\t<\/div>\n\t\t\t\t<div class=\"elementor-element elementor-element-5977f50 elementor-widget elementor-widget-text-editor\" data-id=\"5977f50\" data-element_type=\"widget\" data-e-type=\"widget\" data-widget_type=\"text-editor.default\">\n\t\t\t\t<div class=\"elementor-widget-container\">\n\t\t\t\t\t\t\t\t\t<p>Les informations \u00e0 caract\u00e8re personnel communiqu\u00e9es par le candidat \u00e0 la <strong>MTR FORMATION<\/strong> sont utiles pour le traitement de l\u2019inscription ainsi que pour la constitution d\u2019un fichier client\u00e8le pour des prospections commerciales. Suivant la loi \u00ab informatique et libert\u00e9s \u00bb du 6 janvier 1978, le candidat dispose d\u2019un droit d\u2019acc\u00e8s, de rectification et d\u2019opposition des donn\u00e9es personnelles le concernant.<\/p>\t\t\t\t\t\t\t\t<\/div>\n\t\t\t\t<\/div>\n\t\t\t\t<div class=\"elementor-element elementor-element-ae26fe0 elementor-widget elementor-widget-heading\" data-id=\"ae26fe0\" data-element_type=\"widget\" data-e-type=\"widget\" data-widget_type=\"heading.default\">\n\t\t\t\t<div class=\"elementor-widget-container\">\n\t\t\t\t\t<h4 class=\"elementor-heading-title elementor-size-default\">Loi applicable et attribution de comp\u00e9tence<\/h4>\t\t\t\t<\/div>\n\t\t\t\t<\/div>\n\t\t\t\t<div class=\"elementor-element elementor-element-2f13e16 elementor-widget elementor-widget-text-editor\" data-id=\"2f13e16\" data-element_type=\"widget\" data-e-type=\"widget\" data-widget_type=\"text-editor.default\">\n\t\t\t\t<div class=\"elementor-widget-container\">\n\t\t\t\t\t\t\t\t\t<p>Les pr\u00e9sentes Conditions G\u00e9n\u00e9rales de Vente sont encadr\u00e9es par la loi fran\u00e7aise. En cas de litige survenant entre la <strong>MTR FORMATION<\/strong> et le candidat, la recherche d\u2019une solution \u00e0 l\u2019amiable sera privil\u00e9gi\u00e9e. \u00c0 d\u00e9faut, l\u2019affaire sera port\u00e9e devant le tribunal Comp\u00e9tent.<\/p>\t\t\t\t\t\t\t\t<\/div>\n\t\t\t\t<\/div>\n\t\t\t\t<div class=\"elementor-element elementor-element-2ea04c1 elementor-widget elementor-widget-heading\" data-id=\"2ea04c1\" data-element_type=\"widget\" data-e-type=\"widget\" data-widget_type=\"heading.default\">\n\t\t\t\t<div class=\"elementor-widget-container\">\n\t\t\t\t\t<h4 class=\"elementor-heading-title elementor-size-default\">Le candidat<\/h4>\t\t\t\t<\/div>\n\t\t\t\t<\/div>\n\t\t\t\t<div class=\"elementor-element elementor-element-23c0b7e elementor-widget elementor-widget-text-editor\" data-id=\"23c0b7e\" data-element_type=\"widget\" data-e-type=\"widget\" data-widget_type=\"text-editor.default\">\n\t\t\t\t<div class=\"elementor-widget-container\">\n\t\t\t\t\t\t\t\t\t<p>Mentions manuscrites : \u2018\u2019Lu et Approuv\u00e9\u2019\u2019 et \u2019\u2019Bon pour Accord\u2019\u2019<\/p>\t\t\t\t\t\t\t\t<\/div>\n\t\t\t\t<\/div>\n\t\t\t\t\t<\/div>\n\t\t<\/div>\n\t\t\t\t\t<\/div>\n\t\t<\/section>\n\t\t\t\t<\/div>\n\t\t","protected":false},"excerpt":{"rendered":"<p>M.T.R. Formation 23 Rue Pierre-Gilles de Gennes, 69007 \u2013 Lyon T\u00e9l : 04 37 28 97 97\u00a0 \u00a0 \u00a0mobile : 06 68 27 97 97 N\u00b0 Siret 479 358 574 00024 &#8211; Code A.P.E 8553 Z Agr\u00e9ment pr\u00e9fectoral n\u00b0 09-03 N\u00b0 D\u00e9claration d&rsquo;activit\u00e9 : 82 69 08540 69 CONDITIONS GENERALES DE VENTE D\u00e9signation La Maison [&hellip;]<\/p>\n","protected":false},"author":1,"featured_media":0,"parent":0,"menu_order":0,"comment_status":"closed","ping_status":"closed","template":"","meta":{"footnotes":""},"class_list":["post-638","page","type-page","status-publish","hentry"],"_links":{"self":[{"href":"https:\/\/mtr-formation-taxi.com\/index.php?rest_route=\/wp\/v2\/pages\/638","targetHints":{"allow":["GET"]}}],"collection":[{"href":"https:\/\/mtr-formation-taxi.com\/index.php?rest_route=\/wp\/v2\/pages"}],"about":[{"href":"https:\/\/mtr-formation-taxi.com\/index.php?rest_route=\/wp\/v2\/types\/page"}],"author":[{"embeddable":true,"href":"https:\/\/mtr-formation-taxi.com\/index.php?rest_route=\/wp\/v2\/users\/1"}],"replies":[{"embeddable":true,"href":"https:\/\/mtr-formation-taxi.com\/index.php?rest_route=%2Fwp%2Fv2%2Fcomments&post=638"}],"version-history":[{"count":17,"href":"https:\/\/mtr-formation-taxi.com\/index.php?rest_route=\/wp\/v2\/pages\/638\/revisions"}],"predecessor-version":[{"id":1306,"href":"https:\/\/mtr-formation-taxi.com\/index.php?rest_route=\/wp\/v2\/pages\/638\/revisions\/1306"}],"wp:attachment":[{"href":"https:\/\/mtr-formation-taxi.com\/index.php?rest_route=%2Fwp%2Fv2%2Fmedia&parent=638"}],"curies":[{"name":"wp","href":"https:\/\/api.w.org\/{rel}","templated":true}]}}